{"id":9,"date":"2024-03-15T04:27:55","date_gmt":"2024-03-15T04:27:55","guid":{"rendered":"https:\/\/bnbstp.com\/?page_id=9"},"modified":"2024-03-15T04:45:39","modified_gmt":"2024-03-15T04:45:39","slug":"elementor-9","status":"publish","type":"page","link":"https:\/\/bnbstp.com\/","title":{"rendered":"Bennet and Bernard &#8211; S\u00e3o Tom\u00e9 and Pr\u00edncipe"},"content":{"rendered":"\t\t<div data-elementor-type=\"wp-post\" data-elementor-id=\"9\" class=\"elementor elementor-9\">\n\t\t\t\t<div class=\"elementor-element elementor-element-37a6bac e-flex e-con-boxed e-con e-parent\" data-id=\"37a6bac\" data-element_type=\"container\" data-core-v316-plus=\"true\">\n\t\t\t\t\t<div class=\"e-con-inner\">\n\t\t\t\t<div class=\"elementor-element elementor-element-ee25f00 elementor-widget elementor-widget-heading\" data-id=\"ee25f00\" data-element_type=\"widget\" data-widget_type=\"heading.default\">\n\t\t\t\t<div class=\"elementor-widget-container\">\n\t\t\t<style>\/*! elementor - v3.20.0 - 13-03-2024 *\/\n.elementor-heading-title{padding:0;margin:0;line-height:1}.elementor-widget-heading .elementor-heading-title[class*=elementor-size-]>a{color:inherit;font-size:inherit;line-height:inherit}.elementor-widget-heading .elementor-heading-title.elementor-size-small{font-size:15px}.elementor-widget-heading .elementor-heading-title.elementor-size-medium{font-size:19px}.elementor-widget-heading .elementor-heading-title.elementor-size-large{font-size:29px}.elementor-widget-heading .elementor-heading-title.elementor-size-xl{font-size:39px}.elementor-widget-heading .elementor-heading-title.elementor-size-xxl{font-size:59px}<\/style><h2 class=\"elementor-heading-title elementor-size-default\">BENNET AND BERNARD<\/h2>\t\t<\/div>\n\t\t\t\t<\/div>\n\t\t\t\t<div class=\"elementor-element elementor-element-ef542f0 elementor-widget elementor-widget-text-editor\" data-id=\"ef542f0\" data-element_type=\"widget\" data-widget_type=\"text-editor.default\">\n\t\t\t\t<div class=\"elementor-widget-container\">\n\t\t\t<style>\/*! elementor - v3.20.0 - 13-03-2024 *\/\n.elementor-widget-text-editor.elementor-drop-cap-view-stacked .elementor-drop-cap{background-color:#69727d;color:#fff}.elementor-widget-text-editor.elementor-drop-cap-view-framed .elementor-drop-cap{color:#69727d;border:3px solid;background-color:transparent}.elementor-widget-text-editor:not(.elementor-drop-cap-view-default) .elementor-drop-cap{margin-top:8px}.elementor-widget-text-editor:not(.elementor-drop-cap-view-default) .elementor-drop-cap-letter{width:1em;height:1em}.elementor-widget-text-editor .elementor-drop-cap{float:left;text-align:center;line-height:1;font-size:50px}.elementor-widget-text-editor .elementor-drop-cap-letter{display:inline-block}<\/style>\t\t\t\t<p>S\u00e3o Tom\u00e9 and Pr\u00edncipe<\/p>\t\t\t\t\t\t<\/div>\n\t\t\t\t<\/div>\n\t\t\t\t<div class=\"elementor-element elementor-element-c3428e3 elementor-widget elementor-widget-spacer\" data-id=\"c3428e3\" data-element_type=\"widget\" data-widget_type=\"spacer.default\">\n\t\t\t\t<div class=\"elementor-widget-container\">\n\t\t\t<style>\/*! elementor - v3.20.0 - 13-03-2024 *\/\n.elementor-column .elementor-spacer-inner{height:var(--spacer-size)}.e-con{--container-widget-width:100%}.e-con-inner>.elementor-widget-spacer,.e-con>.elementor-widget-spacer{width:var(--container-widget-width,var(--spacer-size));--align-self:var(--container-widget-align-self,initial);--flex-shrink:0}.e-con-inner>.elementor-widget-spacer>.elementor-widget-container,.e-con>.elementor-widget-spacer>.elementor-widget-container{height:100%;width:100%}.e-con-inner>.elementor-widget-spacer>.elementor-widget-container>.elementor-spacer,.e-con>.elementor-widget-spacer>.elementor-widget-container>.elementor-spacer{height:100%}.e-con-inner>.elementor-widget-spacer>.elementor-widget-container>.elementor-spacer>.elementor-spacer-inner,.e-con>.elementor-widget-spacer>.elementor-widget-container>.elementor-spacer>.elementor-spacer-inner{height:var(--container-widget-height,var(--spacer-size))}.e-con-inner>.elementor-widget-spacer.elementor-widget-empty,.e-con>.elementor-widget-spacer.elementor-widget-empty{position:relative;min-height:22px;min-width:22px}.e-con-inner>.elementor-widget-spacer.elementor-widget-empty .elementor-widget-empty-icon,.e-con>.elementor-widget-spacer.elementor-widget-empty .elementor-widget-empty-icon{position:absolute;top:0;bottom:0;left:0;right:0;margin:auto;padding:0;width:22px;height:22px}<\/style>\t\t<div class=\"elementor-spacer\">\n\t\t\t<div class=\"elementor-spacer-inner\"><\/div>\n\t\t<\/div>\n\t\t\t\t<\/div>\n\t\t\t\t<\/div>\n\t\t\t\t\t<\/div>\n\t\t\t\t<\/div>\n\t\t<div class=\"elementor-element elementor-element-b7d5403 e-flex e-con-boxed e-con e-parent\" data-id=\"b7d5403\" data-element_type=\"container\" data-core-v316-plus=\"true\">\n\t\t\t\t\t<div class=\"e-con-inner\">\n\t\t<div class=\"elementor-element elementor-element-cf48314 e-con-full e-flex e-con e-child\" data-id=\"cf48314\" data-element_type=\"container\">\n\t\t\t\t<div class=\"elementor-element elementor-element-a6ebfe6 elementor-widget elementor-widget-image\" data-id=\"a6ebfe6\" data-element_type=\"widget\" data-widget_type=\"image.default\">\n\t\t\t\t<div class=\"elementor-widget-container\">\n\t\t\t<style>\/*! elementor - v3.20.0 - 13-03-2024 *\/\n.elementor-widget-image{text-align:center}.elementor-widget-image a{display:inline-block}.elementor-widget-image a img[src$=\".svg\"]{width:48px}.elementor-widget-image img{vertical-align:middle;display:inline-block}<\/style>\t\t\t\t\t\t\t\t\t\t<img fetchpriority=\"high\" decoding=\"async\" width=\"1024\" height=\"219\" src=\"https:\/\/bnbstp.com\/wp-content\/uploads\/2024\/03\/Monte-Fort-transparent-Black-Font-1024x219.png\" class=\"attachment-large size-large wp-image-11\" alt=\"\" srcset=\"https:\/\/bnbstp.com\/wp-content\/uploads\/2024\/03\/Monte-Fort-transparent-Black-Font-1024x219.png 1024w, https:\/\/bnbstp.com\/wp-content\/uploads\/2024\/03\/Monte-Fort-transparent-Black-Font-300x64.png 300w, https:\/\/bnbstp.com\/wp-content\/uploads\/2024\/03\/Monte-Fort-transparent-Black-Font-768x164.png 768w, https:\/\/bnbstp.com\/wp-content\/uploads\/2024\/03\/Monte-Fort-transparent-Black-Font-1536x329.png 1536w, https:\/\/bnbstp.com\/wp-content\/uploads\/2024\/03\/Monte-Fort-transparent-Black-Font.png 2000w\" sizes=\"(max-width: 1024px) 100vw, 1024px\" \/>\t\t\t\t\t\t\t\t\t\t\t\t\t<\/div>\n\t\t\t\t<\/div>\n\t\t\t\t<\/div>\n\t\t<div class=\"elementor-element elementor-element-2bfeb6a e-con-full e-flex e-con e-child\" data-id=\"2bfeb6a\" data-element_type=\"container\">\n\t\t\t\t<div class=\"elementor-element elementor-element-7707b6b elementor-widget elementor-widget-image\" data-id=\"7707b6b\" data-element_type=\"widget\" data-widget_type=\"image.default\">\n\t\t\t\t<div class=\"elementor-widget-container\">\n\t\t\t\t\t\t\t\t\t\t\t\t\t<img decoding=\"async\" width=\"1024\" height=\"242\" src=\"https:\/\/bnbstp.com\/wp-content\/uploads\/2024\/03\/Alpha-Centauri-Holdings-3-Approved-1-1024x242.png\" class=\"attachment-large size-large wp-image-12\" alt=\"\" srcset=\"https:\/\/bnbstp.com\/wp-content\/uploads\/2024\/03\/Alpha-Centauri-Holdings-3-Approved-1-1024x242.png 1024w, https:\/\/bnbstp.com\/wp-content\/uploads\/2024\/03\/Alpha-Centauri-Holdings-3-Approved-1-300x71.png 300w, https:\/\/bnbstp.com\/wp-content\/uploads\/2024\/03\/Alpha-Centauri-Holdings-3-Approved-1-768x182.png 768w, https:\/\/bnbstp.com\/wp-content\/uploads\/2024\/03\/Alpha-Centauri-Holdings-3-Approved-1-1536x364.png 1536w, https:\/\/bnbstp.com\/wp-content\/uploads\/2024\/03\/Alpha-Centauri-Holdings-3-Approved-1-2048x485.png 2048w\" sizes=\"(max-width: 1024px) 100vw, 1024px\" \/>\t\t\t\t\t\t\t\t\t\t\t\t\t<\/div>\n\t\t\t\t<\/div>\n\t\t\t\t<\/div>\n\t\t<div class=\"elementor-element elementor-element-70a8ef2 e-con-full e-flex e-con e-child\" data-id=\"70a8ef2\" data-element_type=\"container\">\n\t\t\t\t<div class=\"elementor-element elementor-element-1a72f80 elementor-widget elementor-widget-image\" data-id=\"1a72f80\" data-element_type=\"widget\" data-widget_type=\"image.default\">\n\t\t\t\t<div class=\"elementor-widget-container\">\n\t\t\t\t\t\t\t\t\t\t\t\t\t<img decoding=\"async\" width=\"1024\" height=\"272\" src=\"https:\/\/bnbstp.com\/wp-content\/uploads\/2024\/03\/Sao-tomean-burger-house-STBH-with-shadow-1024x272.png\" class=\"attachment-large size-large wp-image-13\" alt=\"\" srcset=\"https:\/\/bnbstp.com\/wp-content\/uploads\/2024\/03\/Sao-tomean-burger-house-STBH-with-shadow-1024x272.png 1024w, https:\/\/bnbstp.com\/wp-content\/uploads\/2024\/03\/Sao-tomean-burger-house-STBH-with-shadow-300x80.png 300w, https:\/\/bnbstp.com\/wp-content\/uploads\/2024\/03\/Sao-tomean-burger-house-STBH-with-shadow-768x204.png 768w, https:\/\/bnbstp.com\/wp-content\/uploads\/2024\/03\/Sao-tomean-burger-house-STBH-with-shadow-1536x408.png 1536w, https:\/\/bnbstp.com\/wp-content\/uploads\/2024\/03\/Sao-tomean-burger-house-STBH-with-shadow.png 1710w\" sizes=\"(max-width: 1024px) 100vw, 1024px\" \/>\t\t\t\t\t\t\t\t\t\t\t\t\t<\/div>\n\t\t\t\t<\/div>\n\t\t\t\t<\/div>\n\t\t\t\t\t<\/div>\n\t\t\t\t<\/div>\n\t\t<div class=\"elementor-element elementor-element-eaa81a1 e-flex e-con-boxed e-con e-parent\" data-id=\"eaa81a1\" data-element_type=\"container\" data-core-v316-plus=\"true\">\n\t\t\t\t\t<div class=\"e-con-inner\">\n\t\t\t\t<div class=\"elementor-element elementor-element-6a8e3cb elementor-widget elementor-widget-spacer\" data-id=\"6a8e3cb\" data-element_type=\"widget\" data-widget_type=\"spacer.default\">\n\t\t\t\t<div class=\"elementor-widget-container\">\n\t\t\t\t\t<div class=\"elementor-spacer\">\n\t\t\t<div class=\"elementor-spacer-inner\"><\/div>\n\t\t<\/div>\n\t\t\t\t<\/div>\n\t\t\t\t<\/div>\n\t\t\t\t<div class=\"elementor-element elementor-element-0d36e23 elementor-widget elementor-widget-heading\" data-id=\"0d36e23\" data-element_type=\"widget\" data-widget_type=\"heading.default\">\n\t\t\t\t<div class=\"elementor-widget-container\">\n\t\t\t<h2 class=\"elementor-heading-title elementor-size-default\">Project by<\/h2>\t\t<\/div>\n\t\t\t\t<\/div>\n\t\t\t\t<div class=\"elementor-element elementor-element-47932e4 elementor-widget elementor-widget-image\" data-id=\"47932e4\" data-element_type=\"widget\" data-widget_type=\"image.default\">\n\t\t\t\t<div class=\"elementor-widget-container\">\n\t\t\t\t\t\t\t\t\t\t\t\t\t<img loading=\"lazy\" decoding=\"async\" width=\"1024\" height=\"491\" src=\"https:\/\/bnbstp.com\/wp-content\/uploads\/2024\/03\/tbnbc-2024-new-1024x491.png\" class=\"attachment-large size-large wp-image-15\" alt=\"\" srcset=\"https:\/\/bnbstp.com\/wp-content\/uploads\/2024\/03\/tbnbc-2024-new-1024x491.png 1024w, https:\/\/bnbstp.com\/wp-content\/uploads\/2024\/03\/tbnbc-2024-new-300x144.png 300w, https:\/\/bnbstp.com\/wp-content\/uploads\/2024\/03\/tbnbc-2024-new-768x368.png 768w, https:\/\/bnbstp.com\/wp-content\/uploads\/2024\/03\/tbnbc-2024-new-1536x736.png 1536w, https:\/\/bnbstp.com\/wp-content\/uploads\/2024\/03\/tbnbc-2024-new.png 1690w\" sizes=\"(max-width: 1024px) 100vw, 1024px\" \/>\t\t\t\t\t\t\t\t\t\t\t\t\t<\/div>\n\t\t\t\t<\/div>\n\t\t\t\t\t<\/div>\n\t\t\t\t<\/div>\n\t\t\t\t<\/div>\n\t\t","protected":false},"excerpt":{"rendered":"<p>BENNET AND BERNARD S\u00e3o Tom\u00e9 and Pr\u00edncipe Project by<\/p>\n","protected":false},"author":2,"featured_media":0,"parent":0,"menu_order":0,"comment_status":"closed","ping_status":"closed","template":"elementor_canvas","meta":{"footnotes":""},"_links":{"self":[{"href":"https:\/\/bnbstp.com\/index.php\/wp-json\/wp\/v2\/pages\/9"}],"collection":[{"href":"https:\/\/bnbstp.com\/index.php\/wp-json\/wp\/v2\/pages"}],"about":[{"href":"https:\/\/bnbstp.com\/index.php\/wp-json\/wp\/v2\/types\/page"}],"author":[{"embeddable":true,"href":"https:\/\/bnbstp.com\/index.php\/wp-json\/wp\/v2\/users\/2"}],"replies":[{"embeddable":true,"href":"https:\/\/bnbstp.com\/index.php\/wp-json\/wp\/v2\/comments?post=9"}],"version-history":[{"count":10,"href":"https:\/\/bnbstp.com\/index.php\/wp-json\/wp\/v2\/pages\/9\/revisions"}],"predecessor-version":[{"id":24,"href":"https:\/\/bnbstp.com\/index.php\/wp-json\/wp\/v2\/pages\/9\/revisions\/24"}],"wp:attachment":[{"href":"https:\/\/bnbstp.com\/index.php\/wp-json\/wp\/v2\/media?parent=9"}],"curies":[{"name":"wp","href":"https:\/\/api.w.org\/{rel}","templated":true}]}}